{"id":3251,"date":"2023-08-15T10:41:49","date_gmt":"2023-08-15T10:41:49","guid":{"rendered":"https:\/\/konversionwizards.com\/?page_id=3251"},"modified":"2023-08-18T16:34:02","modified_gmt":"2023-08-18T16:34:02","slug":"em-manutencao","status":"publish","type":"page","link":"https:\/\/konversionwizards.com\/en\/em-manutencao\/","title":{"rendered":"Em Manuten\u00e7\u00e3o"},"content":{"rendered":"<div data-elementor-type=\"wp-page\" data-elementor-id=\"3251\" class=\"elementor elementor-3251\" data-elementor-post-type=\"page\">\n\t\t\t\t\t\t<section class=\"elementor-section elementor-top-section elementor-element elementor-element-5bfe0a1 elementor-section-height-full elementor-section-content-top elementor-section-full_width elementor-section-height-default elementor-section-items-middle\" data-id=\"5bfe0a1\" data-element_type=\"section\" data-e-type=\"section\" data-settings=\"{&quot;background_background&quot;:&quot;classic&quot;}\">\n\t\t\t\t\t\t<div class=\"elementor-container elementor-column-gap-default\">\n\t\t\t\t\t<div class=\"elementor-column elementor-col-66 elementor-top-column elementor-element elementor-element-367932b\" data-id=\"367932b\" data-element_type=\"column\" data-e-type=\"column\">\n\t\t\t<div class=\"elementor-widget-wrap elementor-element-populated\">\n\t\t\t\t\t\t<div class=\"elementor-element elementor-element-d9adb25 elementor-invisible elementor-widget elementor-widget-heading\" data-id=\"d9adb25\" data-element_type=\"widget\" data-e-type=\"widget\" data-settings=\"{&quot;_animation&quot;:&quot;fadeIn&quot;}\" data-widget_type=\"heading.default\">\n\t\t\t\t\t<h2 class=\"elementor-heading-title elementor-size-default\">Estamos a preparar novos feiti\u00e7os\u2026<\/h2>\t\t\t\t<\/div>\n\t\t\t\t<div class=\"elementor-element elementor-element-3520910 elementor-invisible elementor-widget elementor-widget-text-editor\" data-id=\"3520910\" data-element_type=\"widget\" data-e-type=\"widget\" data-settings=\"{&quot;_animation&quot;:&quot;fadeIn&quot;}\" data-widget_type=\"text-editor.default\">\n\t\t\t\t\t\t\t\t\t<p>Enquanto os nossos feiticeiros digitais criam uma nova morada digital, nos bastidores continuamos obcecados a trazer os melhores resultados para os nossos clientes.<\/p><p>Somos especialistas em campanhas\u00a0<strong>Google Ads<\/strong>\u00a0\u2013 de pesquisa, de display, shopping ou <strong>Youtube<\/strong>,\u00a0<strong>Facebook<\/strong> e <strong>Instagram<\/strong> <strong>Ads<\/strong>\u00a0e\u00a0<strong>LinkedIn<\/strong> <strong>Ads<\/strong>.<\/p><p>Se quer desbloquear mais vendas, mais leads ou mais clientes, os nossos especialistas em convers\u00f5es t\u00eam a varinha m\u00e1gica \u00e0 sua espera.<\/p>\t\t\t\t\t\t\t\t<\/div>\n\t\t\t\t<div class=\"elementor-element elementor-element-6d08664 elementor-invisible elementor-widget elementor-widget-text-editor\" data-id=\"6d08664\" data-element_type=\"widget\" data-e-type=\"widget\" data-settings=\"{&quot;_animation&quot;:&quot;fadeIn&quot;}\" data-widget_type=\"text-editor.default\">\n\t\t\t\t\t\t\t\t\t<p>Entre em contato conosco e testemunhe o poder da magia em a\u00e7\u00e3o!<\/p>\t\t\t\t\t\t\t\t<\/div>\n\t\t\t\t<div class=\"elementor-element elementor-element-320e25a elementor-widget__width-auto elementor-view-default elementor-invisible elementor-widget elementor-widget-icon\" data-id=\"320e25a\" data-element_type=\"widget\" data-e-type=\"widget\" data-settings=\"{&quot;_animation&quot;:&quot;fadeInRight&quot;}\" data-widget_type=\"icon.default\">\n\t\t\t\t\t\t\t<div class=\"elementor-icon-wrapper\">\n\t\t\t<a class=\"elementor-icon elementor-animation-pulse\" href=\"mailto:geral@konversionwizards.com\">\n\t\t\t<i aria-hidden=\"true\" class=\"far fa-envelope\"><\/i>\t\t\t<\/a>\n\t\t<\/div>\n\t\t\t\t\t\t<\/div>\n\t\t\t\t<div class=\"elementor-element elementor-element-6ef2316 elementor-widget__width-auto elementor-view-default elementor-invisible elementor-widget elementor-widget-icon\" data-id=\"6ef2316\" data-element_type=\"widget\" data-e-type=\"widget\" data-settings=\"{&quot;_animation&quot;:&quot;fadeInRight&quot;}\" data-widget_type=\"icon.default\">\n\t\t\t\t\t\t\t<div class=\"elementor-icon-wrapper\">\n\t\t\t<a class=\"elementor-icon elementor-animation-pulse\" href=\"https:\/\/wa.me\/351966260403\">\n\t\t\t<i aria-hidden=\"true\" class=\"fab fa-whatsapp\"><\/i>\t\t\t<\/a>\n\t\t<\/div>\n\t\t\t\t\t\t<\/div>\n\t\t\t\t<section class=\"elementor-section elementor-inner-section elementor-element elementor-element-fa785de elementor-section-boxed elementor-section-height-default elementor-section-height-default\" data-id=\"fa785de\" data-element_type=\"section\" data-e-type=\"section\">\n\t\t\t\t\t\t<div class=\"elementor-container elementor-column-gap-no\">\n\t\t\t\t\t<div class=\"elementor-column elementor-col-100 elementor-inner-column elementor-element elementor-element-53c5e93 elementor-invisible\" data-id=\"53c5e93\" data-element_type=\"column\" data-e-type=\"column\" data-settings=\"{&quot;animation&quot;:&quot;fadeInUp&quot;}\">\n\t\t\t<div class=\"elementor-widget-wrap elementor-element-populated\">\n\t\t\t\t\t\t<div class=\"elementor-element elementor-element-fa48307 elementor-widget__width-auto elementor-widget elementor-widget-text-editor\" data-id=\"fa48307\" data-element_type=\"widget\" data-e-type=\"widget\" data-widget_type=\"text-editor.default\">\n\t\t\t\t\t\t\t\t\t<p>Follow us<\/p>\t\t\t\t\t\t\t\t<\/div>\n\t\t\t\t<div class=\"elementor-element elementor-element-5c7bf68 elementor-widget__width-auto elementor-widget-divider--view-line elementor-widget elementor-widget-divider\" data-id=\"5c7bf68\" data-element_type=\"widget\" data-e-type=\"widget\" data-widget_type=\"divider.default\">\n\t\t\t\t\t\t\t<div class=\"elementor-divider\">\n\t\t\t<span class=\"elementor-divider-separator\">\n\t\t\t\t\t\t<\/span>\n\t\t<\/div>\n\t\t\t\t\t\t<\/div>\n\t\t\t\t<div class=\"elementor-element elementor-element-3bf7ced elementor-grid-4 e-grid-align-left elementor-widget__width-auto elementor-shape-rounded elementor-widget elementor-widget-social-icons\" data-id=\"3bf7ced\" data-element_type=\"widget\" data-e-type=\"widget\" data-widget_type=\"social-icons.default\">\n\t\t\t\t\t\t\t<div class=\"elementor-social-icons-wrapper elementor-grid\" role=\"list\">\n\t\t\t\t\t\t\t<span class=\"elementor-grid-item\" role=\"listitem\">\n\t\t\t\t\t<a class=\"elementor-icon elementor-social-icon elementor-social-icon-linkedin elementor-animation-grow elementor-repeater-item-f30cd5a\" href=\"https:\/\/www.linkedin.com\/company\/konversionwizards\/\" target=\"_blank\">\n\t\t\t\t\t\t<span class=\"elementor-screen-only\">Linkedin<\/span>\n\t\t\t\t\t\t<i aria-hidden=\"true\" class=\"fab fa-linkedin\"><\/i>\t\t\t\t\t<\/a>\n\t\t\t\t<\/span>\n\t\t\t\t\t\t\t<span class=\"elementor-grid-item\" role=\"listitem\">\n\t\t\t\t\t<a class=\"elementor-icon elementor-social-icon elementor-social-icon-facebook elementor-animation-grow elementor-repeater-item-a9e016c\" href=\"https:\/\/www.facebook.com\/konversion.wizards\" target=\"_blank\">\n\t\t\t\t\t\t<span class=\"elementor-screen-only\">Facebook<\/span>\n\t\t\t\t\t\t<i aria-hidden=\"true\" class=\"fab fa-facebook\"><\/i>\t\t\t\t\t<\/a>\n\t\t\t\t<\/span>\n\t\t\t\t\t\t\t<span class=\"elementor-grid-item\" role=\"listitem\">\n\t\t\t\t\t<a class=\"elementor-icon elementor-social-icon elementor-social-icon-instagram elementor-animation-grow elementor-repeater-item-167d5a9\" href=\"https:\/\/www.instagram.com\/konversion.wizards\/\" target=\"_blank\">\n\t\t\t\t\t\t<span class=\"elementor-screen-only\">Instagram<\/span>\n\t\t\t\t\t\t<i aria-hidden=\"true\" class=\"fab fa-instagram\"><\/i>\t\t\t\t\t<\/a>\n\t\t\t\t<\/span>\n\t\t\t\t\t\t\t<span class=\"elementor-grid-item\" role=\"listitem\">\n\t\t\t\t\t<a class=\"elementor-icon elementor-social-icon elementor-social-icon-youtube elementor-animation-grow elementor-repeater-item-1f08ab4\" href=\"https:\/\/www.youtube.com\/channel\/UChEltN796tBL5s2D0pV6RWw\" target=\"_blank\">\n\t\t\t\t\t\t<span class=\"elementor-screen-only\">Youtube<\/span>\n\t\t\t\t\t\t<i aria-hidden=\"true\" class=\"fab fa-youtube\"><\/i>\t\t\t\t\t<\/a>\n\t\t\t\t<\/span>\n\t\t\t\t\t<\/div>\n\t\t\t\t\t\t<\/div>\n\t\t\t\t\t<\/div>\n\t\t<\/div>\n\t\t\t\t\t<\/div>\n\t\t<\/section>\n\t\t\t\t\t<\/div>\n\t\t<\/div>\n\t\t\t\t<div class=\"elementor-column elementor-col-33 elementor-top-column elementor-element elementor-element-f24bd36\" data-id=\"f24bd36\" data-element_type=\"column\" data-e-type=\"column\">\n\t\t\t<div class=\"elementor-widget-wrap elementor-element-populated\">\n\t\t\t\t\t\t<div class=\"elementor-element elementor-element-9525d62 elementor-hidden-tablet elementor-hidden-mobile elementor-invisible elementor-widget elementor-widget-image\" data-id=\"9525d62\" data-element_type=\"widget\" data-e-type=\"widget\" data-settings=\"{&quot;_animation&quot;:&quot;zoomInLeft&quot;}\" data-widget_type=\"image.default\">\n\t\t\t\t\t\t\t\t\t\t\t\t\t\t\t<img decoding=\"async\" width=\"2481\" height=\"2266\" src=\"https:\/\/konversionwizards.com\/wp-content\/uploads\/2023\/08\/Ativo-1@3x.png\" class=\"attachment-full size-full wp-image-3255\" alt=\"Konversion Wizards - Marketing de Performance\" srcset=\"https:\/\/konversionwizards.com\/wp-content\/uploads\/2023\/08\/Ativo-1@3x.png 2481w, https:\/\/konversionwizards.com\/wp-content\/uploads\/2023\/08\/Ativo-1@3x-300x274.png 300w, https:\/\/konversionwizards.com\/wp-content\/uploads\/2023\/08\/Ativo-1@3x-1024x935.png 1024w, https:\/\/konversionwizards.com\/wp-content\/uploads\/2023\/08\/Ativo-1@3x-768x701.png 768w, https:\/\/konversionwizards.com\/wp-content\/uploads\/2023\/08\/Ativo-1@3x-1536x1403.png 1536w, https:\/\/konversionwizards.com\/wp-content\/uploads\/2023\/08\/Ativo-1@3x-2048x1871.png 2048w, https:\/\/konversionwizards.com\/wp-content\/uploads\/2023\/08\/Ativo-1@3x-13x12.png 13w, https:\/\/konversionwizards.com\/wp-content\/uploads\/2023\/08\/Ativo-1@3x-595xh.png 595w\" sizes=\"(max-width: 2481px) 100vw, 2481px\" \/>\t\t\t\t\t\t\t\t\t\t\t\t\t\t\t<\/div>\n\t\t\t\t\t<\/div>\n\t\t<\/div>\n\t\t\t\t\t<\/div>\n\t\t<\/section>\n\t\t\t\t<\/div>","protected":false},"excerpt":{"rendered":"<p>Estamos a preparar novos feiti\u00e7os\u2026 Enquanto os nossos feiticeiros digitais criam uma nova morada digital, nos bastidores continuamos obcecados a trazer os melhores resultados para os nossos clientes. Somos especialistas em campanhas\u00a0Google Ads\u00a0\u2013 de pesquisa, de display, shopping ou Youtube,\u00a0Facebook e Instagram Ads\u00a0e\u00a0LinkedIn Ads. Se quer desbloquear mais vendas, mais leads ou mais clientes, os [&hellip;]<\/p>\n","protected":false},"author":6,"featured_media":0,"parent":0,"menu_order":0,"comment_status":"closed","ping_status":"closed","template":"elementor_canvas","meta":{"footnotes":""},"class_list":["post-3251","page","type-page","status-publish","hentry"],"yoast_head":"<!-- This site is optimized with the Yoast SEO plugin v27.4 - https:\/\/yoast.com\/product\/yoast-seo-wordpress\/ -->\n<title>Em Manuten\u00e7\u00e3o - Konversion Wizards<\/title>\n<meta name=\"robots\" content=\"index, follow, max-snippet:-1, max-image-preview:large, max-video-preview:-1\" \/>\n<link rel=\"canonical\" href=\"https:\/\/konversionwizards.com\/en\/em-manutencao\/\" \/>\n<meta property=\"og:locale\" content=\"en_GB\" \/>\n<meta property=\"og:type\" content=\"article\" \/>\n<meta property=\"og:title\" content=\"Em Manuten\u00e7\u00e3o - Konversion Wizards\" \/>\n<meta property=\"og:description\" content=\"Estamos a preparar novos feiti\u00e7os\u2026 Enquanto os nossos feiticeiros digitais criam uma nova morada digital, nos bastidores continuamos obcecados a trazer os melhores resultados para os nossos clientes. Somos especialistas em campanhas\u00a0Google Ads\u00a0\u2013 de pesquisa, de display, shopping ou Youtube,\u00a0Facebook e Instagram Ads\u00a0e\u00a0LinkedIn Ads. Se quer desbloquear mais vendas, mais leads ou mais clientes, os [&hellip;]\" \/>\n<meta property=\"og:url\" content=\"https:\/\/konversionwizards.com\/en\/em-manutencao\/\" \/>\n<meta property=\"og:site_name\" content=\"Konversion Wizards\" \/>\n<meta property=\"article:publisher\" content=\"https:\/\/www.facebook.com\/konversion.wizards\" \/>\n<meta property=\"article:modified_time\" content=\"2023-08-18T16:34:02+00:00\" \/>\n<meta property=\"og:image\" content=\"https:\/\/konversionwizards.com\/wp-content\/uploads\/2023\/08\/Ativo-1@3x.png\" \/>\n<meta name=\"twitter:card\" content=\"summary_large_image\" \/>\n<script type=\"application\/ld+json\" class=\"yoast-schema-graph\">{\"@context\":\"https:\\\/\\\/schema.org\",\"@graph\":[{\"@type\":\"WebPage\",\"@id\":\"https:\\\/\\\/konversionwizards.com\\\/em-manutencao\\\/\",\"url\":\"https:\\\/\\\/konversionwizards.com\\\/em-manutencao\\\/\",\"name\":\"Em Manuten\u00e7\u00e3o - Konversion Wizards\",\"isPartOf\":{\"@id\":\"https:\\\/\\\/konversionwizards.com\\\/#website\"},\"primaryImageOfPage\":{\"@id\":\"https:\\\/\\\/konversionwizards.com\\\/em-manutencao\\\/#primaryimage\"},\"image\":{\"@id\":\"https:\\\/\\\/konversionwizards.com\\\/em-manutencao\\\/#primaryimage\"},\"thumbnailUrl\":\"https:\\\/\\\/konversionwizards.com\\\/wp-content\\\/uploads\\\/2023\\\/08\\\/Ativo-1@3x.png\",\"datePublished\":\"2023-08-15T10:41:49+00:00\",\"dateModified\":\"2023-08-18T16:34:02+00:00\",\"breadcrumb\":{\"@id\":\"https:\\\/\\\/konversionwizards.com\\\/em-manutencao\\\/#breadcrumb\"},\"inLanguage\":\"en-GB\",\"potentialAction\":[{\"@type\":\"ReadAction\",\"target\":[\"https:\\\/\\\/konversionwizards.com\\\/em-manutencao\\\/\"]}]},{\"@type\":\"ImageObject\",\"inLanguage\":\"en-GB\",\"@id\":\"https:\\\/\\\/konversionwizards.com\\\/em-manutencao\\\/#primaryimage\",\"url\":\"https:\\\/\\\/konversionwizards.com\\\/wp-content\\\/uploads\\\/2023\\\/08\\\/Ativo-1@3x.png\",\"contentUrl\":\"https:\\\/\\\/konversionwizards.com\\\/wp-content\\\/uploads\\\/2023\\\/08\\\/Ativo-1@3x.png\"},{\"@type\":\"BreadcrumbList\",\"@id\":\"https:\\\/\\\/konversionwizards.com\\\/em-manutencao\\\/#breadcrumb\",\"itemListElement\":[{\"@type\":\"ListItem\",\"position\":1,\"name\":\"In\u00edcio\",\"item\":\"https:\\\/\\\/konversionwizards.com\\\/\"},{\"@type\":\"ListItem\",\"position\":2,\"name\":\"Em Manuten\u00e7\u00e3o\"}]},{\"@type\":\"WebSite\",\"@id\":\"https:\\\/\\\/konversionwizards.com\\\/#website\",\"url\":\"https:\\\/\\\/konversionwizards.com\\\/\",\"name\":\"Konversion Wizards\",\"description\":\"A Ag\u00eancia de Marketing Digital focada em Resultados\",\"publisher\":{\"@id\":\"https:\\\/\\\/konversionwizards.com\\\/#organization\"},\"potentialAction\":[{\"@type\":\"SearchAction\",\"target\":{\"@type\":\"EntryPoint\",\"urlTemplate\":\"https:\\\/\\\/konversionwizards.com\\\/?s={search_term_string}\"},\"query-input\":{\"@type\":\"PropertyValueSpecification\",\"valueRequired\":true,\"valueName\":\"search_term_string\"}}],\"inLanguage\":\"en-GB\"},{\"@type\":\"Organization\",\"@id\":\"https:\\\/\\\/konversionwizards.com\\\/#organization\",\"name\":\"Konversion Wizards\",\"url\":\"https:\\\/\\\/konversionwizards.com\\\/\",\"logo\":{\"@type\":\"ImageObject\",\"inLanguage\":\"en-GB\",\"@id\":\"https:\\\/\\\/konversionwizards.com\\\/#\\\/schema\\\/logo\\\/image\\\/\",\"url\":\"https:\\\/\\\/konversionwizards.com\\\/wp-content\\\/uploads\\\/2022\\\/04\\\/logo_konversion_wizards.png\",\"contentUrl\":\"https:\\\/\\\/konversionwizards.com\\\/wp-content\\\/uploads\\\/2022\\\/04\\\/logo_konversion_wizards.png\",\"width\":1894,\"height\":591,\"caption\":\"Konversion Wizards\"},\"image\":{\"@id\":\"https:\\\/\\\/konversionwizards.com\\\/#\\\/schema\\\/logo\\\/image\\\/\"},\"sameAs\":[\"https:\\\/\\\/www.facebook.com\\\/konversion.wizards\",\"https:\\\/\\\/www.instagram.com\\\/konversion.wizards\\\/\",\"https:\\\/\\\/www.linkedin.com\\\/company\\\/konversionwizards\\\/\",\"https:\\\/\\\/www.youtube.com\\\/channel\\\/UChEltN796tBL5s2D0pV6RWw\"]}]}<\/script>\n<!-- \/ Yoast SEO plugin. -->","yoast_head_json":{"title":"Em Manuten\u00e7\u00e3o - Konversion Wizards","robots":{"index":"index","follow":"follow","max-snippet":"max-snippet:-1","max-image-preview":"max-image-preview:large","max-video-preview":"max-video-preview:-1"},"canonical":"https:\/\/konversionwizards.com\/en\/em-manutencao\/","og_locale":"en_GB","og_type":"article","og_title":"Em Manuten\u00e7\u00e3o - Konversion Wizards","og_description":"Estamos a preparar novos feiti\u00e7os\u2026 Enquanto os nossos feiticeiros digitais criam uma nova morada digital, nos bastidores continuamos obcecados a trazer os melhores resultados para os nossos clientes. Somos especialistas em campanhas\u00a0Google Ads\u00a0\u2013 de pesquisa, de display, shopping ou Youtube,\u00a0Facebook e Instagram Ads\u00a0e\u00a0LinkedIn Ads. Se quer desbloquear mais vendas, mais leads ou mais clientes, os [&hellip;]","og_url":"https:\/\/konversionwizards.com\/en\/em-manutencao\/","og_site_name":"Konversion Wizards","article_publisher":"https:\/\/www.facebook.com\/konversion.wizards","article_modified_time":"2023-08-18T16:34:02+00:00","og_image":[{"url":"https:\/\/konversionwizards.com\/wp-content\/uploads\/2023\/08\/Ativo-1@3x.png","type":"","width":"","height":""}],"twitter_card":"summary_large_image","schema":{"@context":"https:\/\/schema.org","@graph":[{"@type":"WebPage","@id":"https:\/\/konversionwizards.com\/em-manutencao\/","url":"https:\/\/konversionwizards.com\/em-manutencao\/","name":"Em Manuten\u00e7\u00e3o - Konversion Wizards","isPartOf":{"@id":"https:\/\/konversionwizards.com\/#website"},"primaryImageOfPage":{"@id":"https:\/\/konversionwizards.com\/em-manutencao\/#primaryimage"},"image":{"@id":"https:\/\/konversionwizards.com\/em-manutencao\/#primaryimage"},"thumbnailUrl":"https:\/\/konversionwizards.com\/wp-content\/uploads\/2023\/08\/Ativo-1@3x.png","datePublished":"2023-08-15T10:41:49+00:00","dateModified":"2023-08-18T16:34:02+00:00","breadcrumb":{"@id":"https:\/\/konversionwizards.com\/em-manutencao\/#breadcrumb"},"inLanguage":"en-GB","potentialAction":[{"@type":"ReadAction","target":["https:\/\/konversionwizards.com\/em-manutencao\/"]}]},{"@type":"ImageObject","inLanguage":"en-GB","@id":"https:\/\/konversionwizards.com\/em-manutencao\/#primaryimage","url":"https:\/\/konversionwizards.com\/wp-content\/uploads\/2023\/08\/Ativo-1@3x.png","contentUrl":"https:\/\/konversionwizards.com\/wp-content\/uploads\/2023\/08\/Ativo-1@3x.png"},{"@type":"BreadcrumbList","@id":"https:\/\/konversionwizards.com\/em-manutencao\/#breadcrumb","itemListElement":[{"@type":"ListItem","position":1,"name":"In\u00edcio","item":"https:\/\/konversionwizards.com\/"},{"@type":"ListItem","position":2,"name":"Em Manuten\u00e7\u00e3o"}]},{"@type":"WebSite","@id":"https:\/\/konversionwizards.com\/#website","url":"https:\/\/konversionwizards.com\/","name":"Konversion Wizards","description":"The Digital Marketing Agency focused on Results","publisher":{"@id":"https:\/\/konversionwizards.com\/#organization"},"potentialAction":[{"@type":"SearchAction","target":{"@type":"EntryPoint","urlTemplate":"https:\/\/konversionwizards.com\/?s={search_term_string}"},"query-input":{"@type":"PropertyValueSpecification","valueRequired":true,"valueName":"search_term_string"}}],"inLanguage":"en-GB"},{"@type":"Organization","@id":"https:\/\/konversionwizards.com\/#organization","name":"Konversion Wizards","url":"https:\/\/konversionwizards.com\/","logo":{"@type":"ImageObject","inLanguage":"en-GB","@id":"https:\/\/konversionwizards.com\/#\/schema\/logo\/image\/","url":"https:\/\/konversionwizards.com\/wp-content\/uploads\/2022\/04\/logo_konversion_wizards.png","contentUrl":"https:\/\/konversionwizards.com\/wp-content\/uploads\/2022\/04\/logo_konversion_wizards.png","width":1894,"height":591,"caption":"Konversion Wizards"},"image":{"@id":"https:\/\/konversionwizards.com\/#\/schema\/logo\/image\/"},"sameAs":["https:\/\/www.facebook.com\/konversion.wizards","https:\/\/www.instagram.com\/konversion.wizards\/","https:\/\/www.linkedin.com\/company\/konversionwizards\/","https:\/\/www.youtube.com\/channel\/UChEltN796tBL5s2D0pV6RWw"]}]}},"_links":{"self":[{"href":"https:\/\/konversionwizards.com\/en\/wp-json\/wp\/v2\/pages\/3251","targetHints":{"allow":["GET"]}}],"collection":[{"href":"https:\/\/konversionwizards.com\/en\/wp-json\/wp\/v2\/pages"}],"about":[{"href":"https:\/\/konversionwizards.com\/en\/wp-json\/wp\/v2\/types\/page"}],"author":[{"embeddable":true,"href":"https:\/\/konversionwizards.com\/en\/wp-json\/wp\/v2\/users\/6"}],"replies":[{"embeddable":true,"href":"https:\/\/konversionwizards.com\/en\/wp-json\/wp\/v2\/comments?post=3251"}],"version-history":[{"count":0,"href":"https:\/\/konversionwizards.com\/en\/wp-json\/wp\/v2\/pages\/3251\/revisions"}],"wp:attachment":[{"href":"https:\/\/konversionwizards.com\/en\/wp-json\/wp\/v2\/media?parent=3251"}],"curies":[{"name":"wp","href":"https:\/\/api.w.org\/{rel}","templated":true}]}}